{"id":1558,"date":"2023-08-30T15:24:08","date_gmt":"2023-08-30T13:24:08","guid":{"rendered":"http:\/\/les-semillantes.com\/?page_id=1558"},"modified":"2026-01-08T11:16:22","modified_gmt":"2026-01-08T10:16:22","slug":"labo-des-mediations","status":"publish","type":"page","link":"https:\/\/les-semillantes.com\/?page_id=1558","title":{"rendered":"Labo des m\u00e9diations"},"content":{"rendered":"\t\t<div data-elementor-type=\"wp-page\" data-elementor-id=\"1558\" class=\"elementor elementor-1558\">\n\t\t\t\t\t\t\t\t\t<section class=\"has_eae_slider elementor-section elementor-top-section elementor-element elementor-element-033fb13 elementor-section-boxed elementor-section-height-default elementor-section-height-default parallax_section_no qode_elementor_container_no\" data-eae-slider=\"43508\" data-id=\"033fb13\" data-element_type=\"section\">\n\t\t\t\t\t\t<div class=\"elementor-container elementor-column-gap-default\">\n\t\t\t\t\t<div class=\"has_eae_slider elementor-column elementor-col-100 elementor-top-column elementor-element elementor-element-ea3bd78\" data-eae-slider=\"59307\" data-id=\"ea3bd78\" data-element_type=\"column\">\n\t\t\t<div class=\"elementor-widget-wrap\">\n\t\t\t\t\t\t\t\t\t<\/div>\n\t\t<\/div>\n\t\t\t\t\t\t\t<\/div>\n\t\t<\/section>\n\t\t\t\t<section class=\"has_eae_slider elementor-section elementor-top-section elementor-element elementor-element-02188d9 elementor-section-stretched elementor-section-boxed elementor-section-height-default elementor-section-height-default parallax_section_no qode_elementor_container_no\" data-eae-slider=\"70178\" data-id=\"02188d9\" data-element_type=\"section\" data-settings=\"{&quot;stretch_section&quot;:&quot;section-stretched&quot;,&quot;background_background&quot;:&quot;classic&quot;}\">\n\t\t\t\t\t\t<div class=\"elementor-container elementor-column-gap-default\">\n\t\t\t\t\t<div class=\"has_eae_slider elementor-column elementor-col-100 elementor-top-column elementor-element elementor-element-6bafe36\" data-eae-slider=\"69958\" data-id=\"6bafe36\" data-element_type=\"column\">\n\t\t\t<div class=\"elementor-widget-wrap elementor-element-populated\">\n\t\t\t\t\t\t\t\t<div class=\"elementor-element elementor-element-7953624 elementor-widget elementor-widget-image\" data-id=\"7953624\" data-element_type=\"widget\" data-widget_type=\"image.default\">\n\t\t\t\t<div class=\"elementor-widget-container\">\n\t\t\t<style>\/*! elementor - v3.16.0 - 20-09-2023 *\/\n.elementor-widget-image{text-align:center}.elementor-widget-image a{display:inline-block}.elementor-widget-image a img[src$=\".svg\"]{width:48px}.elementor-widget-image img{vertical-align:middle;display:inline-block}<\/style>\t\t\t\t\t\t\t\t\t\t\t\t<img loading=\"lazy\" decoding=\"async\" width=\"100\" height=\"100\" src=\"https:\/\/les-semillantes.com\/wp-content\/uploads\/2022\/01\/picto-arc.png\" class=\"attachment-full size-full wp-image-83\" alt=\"\" \/>\t\t\t\t\t\t\t\t\t\t\t\t\t\t\t<\/div>\n\t\t\t\t<\/div>\n\t\t\t\t<div class=\"elementor-element elementor-element-46e669a elementor-widget elementor-widget-text-editor\" data-id=\"46e669a\" data-element_type=\"widget\" data-widget_type=\"text-editor.default\">\n\t\t\t\t<div class=\"elementor-widget-container\">\n\t\t\t<style>\/*! elementor - v3.16.0 - 20-09-2023 *\/\n.elementor-widget-text-editor.elementor-drop-cap-view-stacked .elementor-drop-cap{background-color:#69727d;color:#fff}.elementor-widget-text-editor.elementor-drop-cap-view-framed .elementor-drop-cap{color:#69727d;border:3px solid;background-color:transparent}.elementor-widget-text-editor:not(.elementor-drop-cap-view-default) .elementor-drop-cap{margin-top:8px}.elementor-widget-text-editor:not(.elementor-drop-cap-view-default) .elementor-drop-cap-letter{width:1em;height:1em}.elementor-widget-text-editor .elementor-drop-cap{float:left;text-align:center;line-height:1;font-size:50px}.elementor-widget-text-editor .elementor-drop-cap-letter{display:inline-block}<\/style>\t\t\t\t<h1><span style=\"color: #5cb893;\">labo des m\u00e9diations<\/span><\/h1><p>Au sein des S\u00e9millantes, on exp\u00e9rimente autour de la m\u00e9diation. Comment faire commun ? Quelle place pour la pratique de spectateurice ?<\/p><p>Avec le CCN de Nantes, nous avons co-cr\u00e9\u00e9 un atelier sur \u00ab\u00a0Faire trace(s)\u00a0\u00bb d&rsquo;un projet de m\u00e9diation, au sein du programme Mettre en Commun &amp; de la Nantaise de Diff&rsquo;. Une demie journ\u00e9e \u00e0 vivre un moment dans\u00e9, ressentir et retranscrire.<\/p><p>Nous d\u00e9veloppons de nouvelles collaborations avec des m\u00e9diateurices ind\u00e9pendant\u00b7e\u00b7s.<span class=\"Apple-converted-space\">\u00a0 <\/span>Nous avons accompagn\u00e9 Jo\u00ebl k\u00e9rouanton dans le d\u00e9veloppement de ses activit\u00e9s li\u00e9es au spectacle vivant.<\/p>\t\t\t\t\t\t<\/div>\n\t\t\t\t<\/div>\n\t\t\t\t\t<\/div>\n\t\t<\/div>\n\t\t\t\t\t\t\t<\/div>\n\t\t<\/section>\n\t\t\t\t\t\t\t<\/div>\n\t\t","protected":false},"excerpt":{"rendered":"<p>labo des m\u00e9diations Au sein des S\u00e9millantes, on exp\u00e9rimente autour de la m\u00e9diation. Comment faire commun ? Quelle place pour la pratique de spectateurice ? Avec le CCN de Nantes, nous avons co-cr\u00e9\u00e9 un atelier sur \u00ab\u00a0Faire trace(s)\u00a0\u00bb d&rsquo;un projet de m\u00e9diation, au sein du&#8230;<\/p>\n","protected":false},"author":1,"featured_media":0,"parent":0,"menu_order":0,"comment_status":"closed","ping_status":"closed","template":"","meta":{"footnotes":""},"class_list":["post-1558","page","type-page","status-publish","hentry"],"acf":[],"_links":{"self":[{"href":"https:\/\/les-semillantes.com\/index.php?rest_route=\/wp\/v2\/pages\/1558","targetHints":{"allow":["GET"]}}],"collection":[{"href":"https:\/\/les-semillantes.com\/index.php?rest_route=\/wp\/v2\/pages"}],"about":[{"href":"https:\/\/les-semillantes.com\/index.php?rest_route=\/wp\/v2\/types\/page"}],"author":[{"embeddable":true,"href":"https:\/\/les-semillantes.com\/index.php?rest_route=\/wp\/v2\/users\/1"}],"replies":[{"embeddable":true,"href":"https:\/\/les-semillantes.com\/index.php?rest_route=%2Fwp%2Fv2%2Fcomments&post=1558"}],"version-history":[{"count":51,"href":"https:\/\/les-semillantes.com\/index.php?rest_route=\/wp\/v2\/pages\/1558\/revisions"}],"predecessor-version":[{"id":2331,"href":"https:\/\/les-semillantes.com\/index.php?rest_route=\/wp\/v2\/pages\/1558\/revisions\/2331"}],"wp:attachment":[{"href":"https:\/\/les-semillantes.com\/index.php?rest_route=%2Fwp%2Fv2%2Fmedia&parent=1558"}],"curies":[{"name":"wp","href":"https:\/\/api.w.org\/{rel}","templated":true}]}}