{"id":301,"date":"2022-02-10T11:45:20","date_gmt":"2022-02-10T10:45:20","guid":{"rendered":"https:\/\/les-semillantes.com\/?page_id=301"},"modified":"2022-09-21T15:02:08","modified_gmt":"2022-09-21T13:02:08","slug":"agenda","status":"publish","type":"page","link":"https:\/\/les-semillantes.com\/?page_id=301","title":{"rendered":"Agenda"},"content":{"rendered":"\t\t<div data-elementor-type=\"wp-page\" data-elementor-id=\"301\" class=\"elementor elementor-301\">\n\t\t\t\t\t\t\t\t\t<section class=\"has_eae_slider elementor-section elementor-top-section elementor-element elementor-element-e219b02 elementor-section-boxed elementor-section-height-default elementor-section-height-default parallax_section_no qode_elementor_container_no\" data-eae-slider=\"14791\" data-id=\"e219b02\" data-element_type=\"section\">\n\t\t\t\t\t\t<div class=\"elementor-container elementor-column-gap-default\">\n\t\t\t\t\t<div class=\"has_eae_slider elementor-column elementor-col-100 elementor-top-column elementor-element elementor-element-865d725\" data-eae-slider=\"90844\" data-id=\"865d725\" data-element_type=\"column\">\n\t\t\t<div class=\"elementor-widget-wrap elementor-element-populated\">\n\t\t\t\t\t\t\t\t<div class=\"elementor-element elementor-element-0d146cd elementor-widget elementor-widget-image\" data-id=\"0d146cd\" data-element_type=\"widget\" data-widget_type=\"image.default\">\n\t\t\t\t<div class=\"elementor-widget-container\">\n\t\t\t<style>\/*! elementor - v3.16.0 - 20-09-2023 *\/\n.elementor-widget-image{text-align:center}.elementor-widget-image a{display:inline-block}.elementor-widget-image a img[src$=\".svg\"]{width:48px}.elementor-widget-image img{vertical-align:middle;display:inline-block}<\/style>\t\t\t\t\t\t\t\t\t\t\t\t<img loading=\"lazy\" decoding=\"async\" width=\"100\" height=\"100\" src=\"https:\/\/les-semillantes.com\/wp-content\/uploads\/2022\/02\/agenda_picto.png\" class=\"attachment-large size-large wp-image-387\" alt=\"\" \/>\t\t\t\t\t\t\t\t\t\t\t\t\t\t\t<\/div>\n\t\t\t\t<\/div>\n\t\t\t\t\t<\/div>\n\t\t<\/div>\n\t\t\t\t\t\t\t<\/div>\n\t\t<\/section>\n\t\t\t\t<section class=\"has_eae_slider elementor-section elementor-top-section elementor-element elementor-element-1dc71de elementor-section-boxed elementor-section-height-default elementor-section-height-default parallax_section_no qode_elementor_container_no\" data-eae-slider=\"86489\" data-id=\"1dc71de\" data-element_type=\"section\">\n\t\t\t\t\t\t<div class=\"elementor-container elementor-column-gap-default\">\n\t\t\t\t\t<div class=\"has_eae_slider elementor-column elementor-col-100 elementor-top-column elementor-element elementor-element-ba723fd\" data-eae-slider=\"73047\" data-id=\"ba723fd\" data-element_type=\"column\">\n\t\t\t<div class=\"elementor-widget-wrap elementor-element-populated\">\n\t\t\t\t\t\t\t\t<div class=\"elementor-element elementor-element-c6dce0e elementor-widget elementor-widget-heading\" data-id=\"c6dce0e\" data-element_type=\"widget\" data-widget_type=\"heading.default\">\n\t\t\t\t<div class=\"elementor-widget-container\">\n\t\t\t<style>\/*! elementor - v3.16.0 - 20-09-2023 *\/\n.elementor-heading-title{padding:0;margin:0;line-height:1}.elementor-widget-heading .elementor-heading-title[class*=elementor-size-]>a{color:inherit;font-size:inherit;line-height:inherit}.elementor-widget-heading .elementor-heading-title.elementor-size-small{font-size:15px}.elementor-widget-heading .elementor-heading-title.elementor-size-medium{font-size:19px}.elementor-widget-heading .elementor-heading-title.elementor-size-large{font-size:29px}.elementor-widget-heading .elementor-heading-title.elementor-size-xl{font-size:39px}.elementor-widget-heading .elementor-heading-title.elementor-size-xxl{font-size:59px}<\/style><h2 class=\"elementor-heading-title elementor-size-default\">AGENDA<\/h2>\t\t<\/div>\n\t\t\t\t<\/div>\n\t\t\t\t\t<\/div>\n\t\t<\/div>\n\t\t\t\t\t\t\t<\/div>\n\t\t<\/section>\n\t\t\t\t<section class=\"has_eae_slider elementor-section elementor-top-section elementor-element elementor-element-38205f6 elementor-section-boxed elementor-section-height-default elementor-section-height-default parallax_section_no qode_elementor_container_no\" data-eae-slider=\"94139\" data-id=\"38205f6\" data-element_type=\"section\">\n\t\t\t\t\t\t<div class=\"elementor-container elementor-column-gap-default\">\n\t\t\t\t\t<div class=\"has_eae_slider elementor-column elementor-col-100 elementor-top-column elementor-element elementor-element-5692570\" data-eae-slider=\"44178\" data-id=\"5692570\" data-element_type=\"column\">\n\t\t\t<div class=\"elementor-widget-wrap elementor-element-populated\">\n\t\t\t\t\t\t\t\t<div class=\"elementor-element elementor-element-0c3dca9 elementor-widget elementor-widget-shortcode\" data-id=\"0c3dca9\" data-element_type=\"widget\" data-widget_type=\"shortcode.default\">\n\t\t\t\t<div class=\"elementor-widget-container\">\n\t\t\t\t\t<div class=\"elementor-shortcode\">\n<form class=\"agenda-filters__container\" method=\"post\" action=\"https:\/\/les-semillantes.com\/?page_id=301\">\n    <div class=\"agenda-filter agenda-filters__region\">\n        <label for=\"location\" class=\"agenda-filter__label\">R\u00e9gions:<\/label>\n        <select class=\"agenda-filters__selector\" name=\"location\" id=\"\">\n            <option value=\"\">Toutes<\/option>\n                            <option  value=\"auvergne-rhone-alpes\">Auvergne-Rh\u00f4ne Alpes<\/option>\n                            <option  value=\"belgique\">Belgique<\/option>\n                            <option  value=\"bourgogne-franche-comte\">Bourgogne-Franche-Comt\u00e9<\/option>\n                            <option  value=\"bretagne\">Bretagne<\/option>\n                            <option  value=\"centre-val-de-loire\">Centre-Val-de-Loire<\/option>\n                            <option  value=\"grand-est\">Grand Est<\/option>\n                            <option  value=\"hauts-de-france\">Hauts de France<\/option>\n                            <option  value=\"ile-de-france\">Ile de France<\/option>\n                            <option  value=\"international\">International<\/option>\n                            <option  value=\"normandie\">Normandie<\/option>\n                            <option  value=\"nouvelle-aquitaine\">Nouvelle Aquitaine<\/option>\n                            <option  value=\"occitanie\">Occitanie<\/option>\n                            <option  value=\"pays-de-la-loire\">Pays de la Loire<\/option>\n                            <option  value=\"provence-alpes-cote-dazur\">Provence-Alpes-C\u00f4te-d'Azur<\/option>\n                            <option  value=\"sud\">Sud<\/option>\n                    <\/select>\n    <\/div>\n    <div class=\"agenda-filter agenda-filters__region\">\n        <label for=\"company\" class=\"agenda-filter__label\">Compagnie : <\/label>\n        <select class=\"agenda-filters__selector\" name=\"company\" id=\"\">\n            <option value=\"\">Toutes<\/option>\n                            <option  value=\"flowcus\">Flowcus<\/option>\n                            <option  value=\"furinkai\">Furinka\u00ef<\/option>\n                            <option  value=\"la-grive\">La Grive<\/option>\n                            <option  value=\"lea\">LEA<\/option>\n                    <\/select>\n    <\/div>\n    <div class=\"agenda-filter agenda-filters__region\">\n        <label for=\"month\" class=\"agenda-filter__label\">Mois : <\/label>\n        <select class=\"agenda-filters__selector\" name=\"month\" id=\"\">\n            <option value=\"\">Tous<\/option>\n            <option  value=\"janvier\">Janvier<\/option>\n            <option  value=\"fevrier\">F\u00e9vrier<\/option>\n            <option  value=\"mars\">Mars<\/option>\n            <option  value=\"avril\">Avril<\/option>\n            <option  value=\"mai\">Mai<\/option>\n            <option  value=\"juin\">Juin<\/option>\n            <option  value=\"juillet\">Juillet<\/option>\n            <option  value=\"aout\">Ao\u00fbt<\/option>\n            <option  value=\"septembre\">Septembre<\/option>\n            <option  value=\"octobre\">Octobre<\/option>\n            <option  value=\"novembre\">Novembre<\/option>\n            <option  value=\"decembre\">D\u00e9cembre<\/option>\n        <\/select>\n    <\/div>\n    <input type=\"submit\" class=\"agenda-filter__submit-btn\" value=\"Filtrer\">\n<\/form>\n    <div class=\"agenda-container\">\n                    \n<div class=\"agenda-event\">\n    <div class=\"agenda-event__date\">\n        <span>sam.<\/span>\n        <span>18<\/span>\n        <span>avril<\/span>\n    <\/div>\n    <div class=\"agenda-event__content\">\n        <p class=\"agenda-event__content-title\">Mizu &#8211; Festival Le Grand M\u00e9nage @ Cucuron (84)<\/p>\n        <p><p>Repr\u00e9sentation \u00e0 11h30<\/p>\n<\/p>\n    <\/div>\n<\/div>                    \n<div class=\"agenda-event\">\n    <div class=\"agenda-event__date\">\n        <span>mar.<\/span>\n        <span>28<\/span>\n        <span>avril<\/span>\n    <\/div>\n    <div class=\"agenda-event__content\">\n        <p class=\"agenda-event__content-title\">C\u00e9pages Dansants &#8211; D\u00f4me Th\u00e9\u00e2tre @ Albertville (74)<\/p>\n        <p><p>Repr\u00e9sentations \u00e0 19h les 27 et 28 <\/p>\n<\/p>\n    <\/div>\n<\/div>                    \n<div class=\"agenda-event\">\n    <div class=\"agenda-event__date\">\n        <span>jeu.<\/span>\n        <span>01<\/span>\n        <span>janv.<\/span>\n    <\/div>\n    <div class=\"agenda-event__content\">\n        <p class=\"agenda-event__content-title\">Mizu &#8211; L&rsquo;Atelline @ Juvignac (34)<\/p>\n        <p><p>Informations \u00e0 venir<\/p>\n<\/p>\n    <\/div>\n<\/div>                    \n<div class=\"agenda-event\">\n    <div class=\"agenda-event__date\">\n        <span>mer.<\/span>\n        <span>06<\/span>\n        <span>mai<\/span>\n    <\/div>\n    <div class=\"agenda-event__content\">\n        <p class=\"agenda-event__content-title\">Mizu &#8211; European Green Capital  @ Guimaraes (PT)<\/p>\n        <p><p>Informations \u00e0 venir<\/p>\n<\/p>\n    <\/div>\n<\/div>                    \n<div class=\"agenda-event\">\n    <div class=\"agenda-event__date\">\n        <span>jeu.<\/span>\n        <span>01<\/span>\n        <span>janv.<\/span>\n    <\/div>\n    <div class=\"agenda-event__content\">\n        <p class=\"agenda-event__content-title\">Mizu &#8211; Aerowaves @ Guimaraes (PT)<\/p>\n        <p><p>Repr\u00e9sentations du 7 au 9 mai<\/p>\n<\/p>\n    <\/div>\n<\/div>                    \n<div class=\"agenda-event\">\n    <div class=\"agenda-event__date\">\n        <span>ven.<\/span>\n        <span>15<\/span>\n        <span>mai<\/span>\n    <\/div>\n    <div class=\"agenda-event__content\">\n        <p class=\"agenda-event__content-title\">Mizu &#8211; Sud-Est Th\u00e9\u00e2tre @ Villeneuve-Saint-Georges (94)<\/p>\n        <p><p>Repr\u00e9sentation \u00e0 19h<\/p>\n<\/p>\n    <\/div>\n<\/div>                    \n<div class=\"agenda-event\">\n    <div class=\"agenda-event__date\">\n        <span>dim.<\/span>\n        <span>17<\/span>\n        <span>mai<\/span>\n    <\/div>\n    <div class=\"agenda-event__content\">\n        <p class=\"agenda-event__content-title\">Mizu &#8211; Atelier \u00e0 Spectacle @ Vernouillet (28)<\/p>\n        <p><p>Informations \u00e0 venir<\/p>\n<\/p>\n    <\/div>\n<\/div>                    \n<div class=\"agenda-event\">\n    <div class=\"agenda-event__date\">\n        <span>jeu.<\/span>\n        <span>01<\/span>\n        <span>janv.<\/span>\n    <\/div>\n    <div class=\"agenda-event__content\">\n        <p class=\"agenda-event__content-title\">Mizu &#8211; Festival Champs Libres, Atelier \u00e0 Spectacle @ Vernouillet (28)<\/p>\n        <p><p>Informations \u00e0 venir<\/p>\n<\/p>\n    <\/div>\n<\/div>                    \n<div class=\"agenda-event\">\n    <div class=\"agenda-event__date\">\n        <span>sam.<\/span>\n        <span>23<\/span>\n        <span>mai<\/span>\n    <\/div>\n    <div class=\"agenda-event__content\">\n        <p class=\"agenda-event__content-title\">Mizu &#8211; Festival iTAK, Le Man\u00e8ge @ Maubeuge (59)<\/p>\n        <p><p>Informations \u00e0 venir<\/p>\n<\/p>\n    <\/div>\n<\/div>                    \n<div class=\"agenda-event\">\n    <div class=\"agenda-event__date\">\n        <span>dim.<\/span>\n        <span>24<\/span>\n        <span>mai<\/span>\n    <\/div>\n    <div class=\"agenda-event__content\">\n        <p class=\"agenda-event__content-title\">Mizu &#8211; Le Mai du Th\u00e9\u00e2tre  @ Hendaye (64)<\/p>\n        <p><p>Repr\u00e9sentations les 23 et 24 mai \u00e0 14h15<\/p>\n<\/p>\n    <\/div>\n<\/div>                    \n<div class=\"agenda-event\">\n    <div class=\"agenda-event__date\">\n        <span>sam.<\/span>\n        <span>30<\/span>\n        <span>mai<\/span>\n    <\/div>\n    <div class=\"agenda-event__content\">\n        <p class=\"agenda-event__content-title\">C\u00e9pages Dansants &#8211; THV @ Saint Bathelemy d&rsquo;Anjou (49)<\/p>\n        <p><p>Repr\u00e9sentations \u00e0 19h les 29 et 30<\/p>\n<\/p>\n    <\/div>\n<\/div>                    \n<div class=\"agenda-event\">\n    <div class=\"agenda-event__date\">\n        <span>sam.<\/span>\n        <span>13<\/span>\n        <span>juin<\/span>\n    <\/div>\n    <div class=\"agenda-event__content\">\n        <p class=\"agenda-event__content-title\">Mizu &#8211; Domaine R\u00e9gional de Villarceaux, Le PIVO @ Eaubonne (95)<\/p>\n        <p><p>Informations \u00e0 venir<\/p>\n<\/p>\n    <\/div>\n<\/div>                    \n<div class=\"agenda-event\">\n    <div class=\"agenda-event__date\">\n        <span>mar.<\/span>\n        <span>23<\/span>\n        <span>juin<\/span>\n    <\/div>\n    <div class=\"agenda-event__content\">\n        <p class=\"agenda-event__content-title\">Mizu &#8211; Tanec Praha Dance Festival  @ Prague (CZE)<\/p>\n        <p><p>Informations \u00e0 venir<\/p>\n<\/p>\n    <\/div>\n<\/div>                    \n<div class=\"agenda-event\">\n    <div class=\"agenda-event__date\">\n        <span>jeu.<\/span>\n        <span>01<\/span>\n        <span>janv.<\/span>\n    <\/div>\n    <div class=\"agenda-event__content\">\n        <p class=\"agenda-event__content-title\">Mizu &#8211; Bilboko Kalealdia @ Bilbao (ES)<\/p>\n        <p><p>Repr\u00e9sentations les 29 &#038; 30 juin \u00e0 20h15<\/p>\n<\/p>\n    <\/div>\n<\/div>                    \n<div class=\"agenda-event\">\n    <div class=\"agenda-event__date\">\n        <span>ven.<\/span>\n        <span>03<\/span>\n        <span>juil.<\/span>\n    <\/div>\n    <div class=\"agenda-event__content\">\n        <p class=\"agenda-event__content-title\">Mizu &#8211; Festival Crat\u00e8re Surfaces, Le Crat\u00e8re @ Al\u00e8s (30)<\/p>\n        <p><p>Repr\u00e9sentations les 3 &#038; 4 juillet<\/p>\n<\/p>\n    <\/div>\n<\/div>                    \n<div class=\"agenda-event\">\n    <div class=\"agenda-event__date\">\n        <span>jeu.<\/span>\n        <span>01<\/span>\n        <span>janv.<\/span>\n    <\/div>\n    <div class=\"agenda-event__content\">\n        <p class=\"agenda-event__content-title\">Mizu &#8211; Centre Dramatique Des Villages du Haut Vaucluse @ Valr\u00e9as (84)<\/p>\n        <p><p>Informations \u00e0 venir<\/p>\n<\/p>\n    <\/div>\n<\/div>                    \n<div class=\"agenda-event\">\n    <div class=\"agenda-event__date\">\n        <span>jeu.<\/span>\n        <span>01<\/span>\n        <span>janv.<\/span>\n    <\/div>\n    <div class=\"agenda-event__content\">\n        <p class=\"agenda-event__content-title\">Mizu &#8211; Eclat(s) de rue @ Caen (14)<\/p>\n        <p><p>Informations \u00e0 venir<\/p>\n<\/p>\n    <\/div>\n<\/div>                    \n<div class=\"agenda-event\">\n    <div class=\"agenda-event__date\">\n        <span>jeu.<\/span>\n        <span>01<\/span>\n        <span>janv.<\/span>\n    <\/div>\n    <div class=\"agenda-event__content\">\n        <p class=\"agenda-event__content-title\">Mizu &#8211; Festival International des arts de la rue @ Chassepierre (BE)<\/p>\n        <p><p>Repr\u00e9sentations les 15 &#038; 16 ao\u00fbt<\/p>\n<\/p>\n    <\/div>\n<\/div>                    \n<div class=\"agenda-event\">\n    <div class=\"agenda-event__date\">\n        <span>jeu.<\/span>\n        <span>01<\/span>\n        <span>janv.<\/span>\n    <\/div>\n    <div class=\"agenda-event__content\">\n        <p class=\"agenda-event__content-title\">Mizu &#8211; Festival.org @ Londres (UK)<\/p>\n        <p><p>Repr\u00e9sentations du 27 au 30 ao\u00fbt<\/p>\n<\/p>\n    <\/div>\n<\/div>            <\/div>\n<\/div>\n\t\t\t\t<\/div>\n\t\t\t\t<\/div>\n\t\t\t\t\t<\/div>\n\t\t<\/div>\n\t\t\t\t\t\t\t<\/div>\n\t\t<\/section>\n\t\t\t\t\t\t\t<\/div>\n\t\t","protected":false},"excerpt":{"rendered":"<p>AGENDA<\/p>\n","protected":false},"author":1,"featured_media":0,"parent":0,"menu_order":0,"comment_status":"closed","ping_status":"closed","template":"","meta":{"footnotes":""},"class_list":["post-301","page","type-page","status-publish","hentry"],"acf":[],"_links":{"self":[{"href":"https:\/\/les-semillantes.com\/index.php?rest_route=\/wp\/v2\/pages\/301","targetHints":{"allow":["GET"]}}],"collection":[{"href":"https:\/\/les-semillantes.com\/index.php?rest_route=\/wp\/v2\/pages"}],"about":[{"href":"https:\/\/les-semillantes.com\/index.php?rest_route=\/wp\/v2\/types\/page"}],"author":[{"embeddable":true,"href":"https:\/\/les-semillantes.com\/index.php?rest_route=\/wp\/v2\/users\/1"}],"replies":[{"embeddable":true,"href":"https:\/\/les-semillantes.com\/index.php?rest_route=%2Fwp%2Fv2%2Fcomments&post=301"}],"version-history":[{"count":76,"href":"https:\/\/les-semillantes.com\/index.php?rest_route=\/wp\/v2\/pages\/301\/revisions"}],"predecessor-version":[{"id":1224,"href":"https:\/\/les-semillantes.com\/index.php?rest_route=\/wp\/v2\/pages\/301\/revisions\/1224"}],"wp:attachment":[{"href":"https:\/\/les-semillantes.com\/index.php?rest_route=%2Fwp%2Fv2%2Fmedia&parent=301"}],"curies":[{"name":"wp","href":"https:\/\/api.w.org\/{rel}","templated":true}]}}