{"id":80,"date":"2022-01-27T14:41:50","date_gmt":"2022-01-27T13:41:50","guid":{"rendered":"http:\/\/les-semillantes.com\/?page_id=80"},"modified":"2026-01-04T19:24:54","modified_gmt":"2026-01-04T18:24:54","slug":"a-propos","status":"publish","type":"page","link":"https:\/\/les-semillantes.com\/?page_id=80","title":{"rendered":"\u00c0 propos"},"content":{"rendered":"\t\t<div data-elementor-type=\"wp-page\" data-elementor-id=\"80\" class=\"elementor elementor-80\">\n\t\t\t\t\t\t\t\t\t<section class=\"has_eae_slider elementor-section elementor-top-section elementor-element elementor-element-f66bd9d elementor-section-stretched elementor-section-boxed elementor-section-height-default elementor-section-height-default parallax_section_no qode_elementor_container_no\" data-eae-slider=\"18225\" data-id=\"f66bd9d\" data-element_type=\"section\" data-settings=\"{&quot;background_background&quot;:&quot;classic&quot;,&quot;stretch_section&quot;:&quot;section-stretched&quot;}\">\n\t\t\t\t\t\t<div class=\"elementor-container elementor-column-gap-default\">\n\t\t\t\t\t<div class=\"has_eae_slider elementor-column elementor-col-100 elementor-top-column elementor-element elementor-element-5e59cde\" data-eae-slider=\"5949\" data-id=\"5e59cde\" data-element_type=\"column\">\n\t\t\t<div class=\"elementor-widget-wrap elementor-element-populated\">\n\t\t\t\t\t\t\t\t<div class=\"elementor-element elementor-element-e22dec9 elementor-widget elementor-widget-image\" data-id=\"e22dec9\" data-element_type=\"widget\" data-widget_type=\"image.default\">\n\t\t\t\t<div class=\"elementor-widget-container\">\n\t\t\t<style>\/*! elementor - v3.16.0 - 20-09-2023 *\/\n.elementor-widget-image{text-align:center}.elementor-widget-image a{display:inline-block}.elementor-widget-image a img[src$=\".svg\"]{width:48px}.elementor-widget-image img{vertical-align:middle;display:inline-block}<\/style>\t\t\t\t\t\t\t\t\t\t\t\t<img loading=\"lazy\" decoding=\"async\" width=\"100\" height=\"100\" src=\"https:\/\/les-semillantes.com\/wp-content\/uploads\/2022\/01\/picto-zou.png\" class=\"attachment-full size-full wp-image-89\" alt=\"\" \/>\t\t\t\t\t\t\t\t\t\t\t\t\t\t\t<\/div>\n\t\t\t\t<\/div>\n\t\t\t\t<div class=\"elementor-element elementor-element-7604a3b elementor-widget elementor-widget-text-editor\" data-id=\"7604a3b\" data-element_type=\"widget\" data-widget_type=\"text-editor.default\">\n\t\t\t\t<div class=\"elementor-widget-container\">\n\t\t\t<style>\/*! elementor - v3.16.0 - 20-09-2023 *\/\n.elementor-widget-text-editor.elementor-drop-cap-view-stacked .elementor-drop-cap{background-color:#69727d;color:#fff}.elementor-widget-text-editor.elementor-drop-cap-view-framed .elementor-drop-cap{color:#69727d;border:3px solid;background-color:transparent}.elementor-widget-text-editor:not(.elementor-drop-cap-view-default) .elementor-drop-cap{margin-top:8px}.elementor-widget-text-editor:not(.elementor-drop-cap-view-default) .elementor-drop-cap-letter{width:1em;height:1em}.elementor-widget-text-editor .elementor-drop-cap{float:left;text-align:center;line-height:1;font-size:50px}.elementor-widget-text-editor .elementor-drop-cap-letter{display:inline-block}<\/style>\t\t\t\t<h1 style=\"text-align: left;\"><span style=\"color: #e30d75;\">LE BUREAU<\/span><\/h1><p>Les S\u00e9millantes est un bureau d\u2019accompagnement artistique fond\u00e9 par Audrey Jardin &amp; Elisabeth Lamy en 2020 et install\u00e9 \u00e0 Nantes. En 2022, Emilie Boutet rejoint le bureau comme charg\u00e9e de production.<\/p><p>Nous accompagnons les artistes en administration, production et diffusion (<a href=\"http:\/\/les-semillantes.com\/?page_id=402\">Parcours d\u2019artistes<\/a>). Notre sensibilit\u00e9 artistique nous conduit \u00e0 porter une attention particuli\u00e8re aux arts du geste.<\/p><p>Le <a href=\"http:\/\/les-semillantes.com\/?page_id=137\">Bureau des M\u00e9thodes<\/a> propose des accompagnements individuels aupr\u00e8s de directeurices de structures, de porteureuses de projet et des accompagnements d\u2019\u00e9quipe tant aupr\u00e8s de compagnies que de structures labellis\u00e9es du spectacle vivant sur des th\u00e9matiques comme la strat\u00e9gie de d\u00e9veloppement, l\u2019organisation des \u00e9quipes, la structuration interne ou le pilotage financier.<\/p><p>En 2023, nous ouvrons un nouveau champ de r\u00e9flexion et de travail autour des pratiques de m\u00e9diation dans le spectacle vivant, notamment chor\u00e9graphique. Ce <a href=\"http:\/\/les-semillantes.com\/?page_id=1558\">Labo des M\u00e9diations<\/a> est un lieu d\u2019exploration et d\u2019innovation. Une de nos premi\u00e8res actions est de pouvoir offrir un programme d\u2019accompagnement aux m\u00e9diateurices ind\u00e9pendant\u00b7e\u00b7s du spectacle vivant.<\/p><p>Nous faisons le choix d\u2019un rapport d\u00e9complex\u00e9 \u00e0 notre travail. Le plaisir est notre principal curseur, c&rsquo;est notre \u00e9chelle de mesure pour choisir nos collaborations et pour \u00e9tablir\u00a0les strat\u00e9gies de d\u00e9veloppement\u00a0aupr\u00e8s des artistes et des partenaires.<\/p><p>Il va de pair avec la grande attention que nous portons \u00e0 la justesse de nos conditions de travail, \u00e0 celle de nos collaborateurices et \u00e0 celle des artistes aupr\u00e8s desquel\u00b7le\u00b7s nous travaillons.<\/p><p>Les S\u00e9millantes si\u00e8gent aux conseils d\u2019administration des associations Sc\u00e8nes d\u2019enfance \u2013 Assitej France, PlatO, plateforme jeune public des Pays de la Loire ainsi que du P\u00f4le Spectacle Vivant des Pays de la Loire. Les S\u00e9millantes sont adh\u00e9rentes de l\u2019association LAPAS et actives au sein du groupement r\u00e9gional La Nantaise de Diffusion.<\/p>\t\t\t\t\t\t<\/div>\n\t\t\t\t<\/div>\n\t\t\t\t<div class=\"elementor-element elementor-element-f10072b elementor-widget elementor-widget-image\" data-id=\"f10072b\" data-element_type=\"widget\" data-widget_type=\"image.default\">\n\t\t\t\t<div class=\"elementor-widget-container\">\n\t\t\t\t\t\t\t\t\t\t\t\t\t\t\t<img loading=\"lazy\" decoding=\"async\" width=\"100\" height=\"100\" src=\"https:\/\/les-semillantes.com\/wp-content\/uploads\/2022\/01\/picto-spirale.png\" class=\"attachment-full size-full wp-image-88\" alt=\"\" \/>\t\t\t\t\t\t\t\t\t\t\t\t\t\t\t<\/div>\n\t\t\t\t<\/div>\n\t\t\t\t<div class=\"elementor-element elementor-element-089df6b elementor-widget elementor-widget-text-editor\" data-id=\"089df6b\" data-element_type=\"widget\" data-widget_type=\"text-editor.default\">\n\t\t\t\t<div class=\"elementor-widget-container\">\n\t\t\t\t\t\t\t<p style=\"background-color: #fdf5f9;\">Si vous souhaitez nous contacter, nous \u00e9tudierons votre demande avec plaisir en \u00e9crivant \u00e0 :\u00a0<a href=\"mailto:contact@les-semillantes.com\">contact@les-semillantes.com<\/a>.<\/p><p style=\"background-color: #fdf5f9;\">Pensez \u00e0 nous envoyer un dossier artistique si vous souhaitez prendre part aux Parcours d&rsquo;Artistes ou une demande pr\u00e9cise pour l&rsquo;offre Conseil, Ing\u00e9nierie &amp; Transmission. Votre mail sera lu rapidement&#8230; nous prendrons le temps d&rsquo;une r\u00e9ponse personnalis\u00e9e. Celle-ci peut nous demander de quelques jours \u00e0 quelques semaines si notre agenda est tr\u00e8s rempli. Merci de votre compr\u00e9hension.<\/p><p style=\"background-color: #fdf5f9;\">\u00a0<\/p>\t\t\t\t\t\t<\/div>\n\t\t\t\t<\/div>\n\t\t\t\t\t<\/div>\n\t\t<\/div>\n\t\t\t\t\t\t\t<\/div>\n\t\t<\/section>\n\t\t\t\t<section class=\"has_eae_slider elementor-section elementor-top-section elementor-element elementor-element-bdc1c94 elementor-section-stretched elementor-section-boxed elementor-section-height-default elementor-section-height-default parallax_section_no qode_elementor_container_no\" data-eae-slider=\"6753\" data-id=\"bdc1c94\" data-element_type=\"section\" data-settings=\"{&quot;background_background&quot;:&quot;classic&quot;,&quot;stretch_section&quot;:&quot;section-stretched&quot;}\">\n\t\t\t\t\t\t<div class=\"elementor-container elementor-column-gap-default\">\n\t\t\t\t\t<div class=\"has_eae_slider elementor-column elementor-col-100 elementor-top-column elementor-element elementor-element-47db738\" data-eae-slider=\"11678\" data-id=\"47db738\" data-element_type=\"column\">\n\t\t\t<div class=\"elementor-widget-wrap elementor-element-populated\">\n\t\t\t\t\t\t\t\t<div class=\"elementor-element elementor-element-881f6cd elementor-widget elementor-widget-text-editor\" data-id=\"881f6cd\" data-element_type=\"widget\" data-widget_type=\"text-editor.default\">\n\t\t\t\t<div class=\"elementor-widget-container\">\n\t\t\t\t\t\t\t<p style=\"text-align: center;\"><span style=\"color: #5cb893;\">S\u00e9millant, adj : est utilis\u00e9 pour parler d&rsquo;une personne enchant\u00e9e et p\u00e9tillante, dont l&rsquo;\u00e9tat d&rsquo;esprit serait perceptible par son entourage, dont le bonheur pourrait \u00eatre contagieux et rebondir sur les gens se trouvant \u00e0 sa proximit\u00e9.<\/span><\/p>\t\t\t\t\t\t<\/div>\n\t\t\t\t<\/div>\n\t\t\t\t<div class=\"elementor-element elementor-element-f17e1b6 elementor-widget elementor-widget-image\" data-id=\"f17e1b6\" data-element_type=\"widget\" data-widget_type=\"image.default\">\n\t\t\t\t<div class=\"elementor-widget-container\">\n\t\t\t\t\t\t\t\t\t\t\t\t\t\t\t<img loading=\"lazy\" decoding=\"async\" width=\"100\" height=\"100\" src=\"https:\/\/les-semillantes.com\/wp-content\/uploads\/2022\/01\/picto-coeur.png\" class=\"attachment-full size-full wp-image-84\" alt=\"\" \/>\t\t\t\t\t\t\t\t\t\t\t\t\t\t\t<\/div>\n\t\t\t\t<\/div>\n\t\t\t\t\t<\/div>\n\t\t<\/div>\n\t\t\t\t\t\t\t<\/div>\n\t\t<\/section>\n\t\t\t\t<section class=\"has_eae_slider elementor-section elementor-top-section elementor-element elementor-element-f4950cc elementor-section-stretched elementor-section-boxed elementor-section-height-default elementor-section-height-default parallax_section_no qode_elementor_container_no\" data-eae-slider=\"25653\" data-id=\"f4950cc\" data-element_type=\"section\" data-settings=\"{&quot;stretch_section&quot;:&quot;section-stretched&quot;,&quot;background_background&quot;:&quot;classic&quot;}\">\n\t\t\t\t\t\t<div class=\"elementor-container elementor-column-gap-default\">\n\t\t\t\t\t<div class=\"has_eae_slider elementor-column elementor-col-100 elementor-top-column elementor-element elementor-element-5d0bbba\" data-eae-slider=\"91291\" data-id=\"5d0bbba\" data-element_type=\"column\">\n\t\t\t<div class=\"elementor-widget-wrap elementor-element-populated\">\n\t\t\t\t\t\t\t\t<div class=\"elementor-element elementor-element-a08f681 elementor-widget elementor-widget-text-editor\" data-id=\"a08f681\" data-element_type=\"widget\" data-widget_type=\"text-editor.default\">\n\t\t\t\t<div class=\"elementor-widget-container\">\n\t\t\t\t\t\t\t<h1><span style=\"color: #e30d75;\">AUDREY JARDIN<\/span><\/h1><p>D\u2019un c\u00f4t\u00e9\u00a0: l\u2019amour sensible de la danse et des discours qui l\u2019entoure (bac L option danse).<\/p><p>De l\u2019autre\u00a0: l\u2019amour cart\u00e9sien de la m\u00e9thode et de la planification (Hypokh\u00e2gne\/kh\u00e2gne).<\/p><p>Au final, une activit\u00e9 professionnelle qui se situe \u00e0 mi-chemin\u00a0: l\u2019accompagnement d\u2019artistes.<\/p><p>Apr\u00e8s une formation en ing\u00e9nierie culturelle et 8 ans d\u2019exp\u00e9rience au sein d\u2019un bureau de production, les bases sont l\u00e0 pour se lancer dans une nouvelle aventure professionnelle\u00a0: la cr\u00e9ation des S\u00e9millantes. Au sein du bureau, Audrey s\u2019occupe au quotidien de production &amp; diffusion. Elle a \u00e0 c\u0153ur de partager son amour et connaissance du m\u00e9tier lors de soutien en conseil strat\u00e9gique, ou de journ\u00e9es professionnelles.<\/p>\t\t\t\t\t\t<\/div>\n\t\t\t\t<\/div>\n\t\t\t\t\t<\/div>\n\t\t<\/div>\n\t\t\t\t\t\t\t<\/div>\n\t\t<\/section>\n\t\t\t\t<section class=\"has_eae_slider elementor-section elementor-top-section elementor-element elementor-element-68a7d3b elementor-section-stretched elementor-section-boxed elementor-section-height-default elementor-section-height-default parallax_section_no qode_elementor_container_no\" data-eae-slider=\"36772\" data-id=\"68a7d3b\" data-element_type=\"section\" data-settings=\"{&quot;stretch_section&quot;:&quot;section-stretched&quot;,&quot;background_background&quot;:&quot;classic&quot;}\">\n\t\t\t\t\t\t<div class=\"elementor-container elementor-column-gap-default\">\n\t\t\t\t\t<div class=\"has_eae_slider elementor-column elementor-col-100 elementor-top-column elementor-element elementor-element-0d8e32d\" data-eae-slider=\"30420\" data-id=\"0d8e32d\" data-element_type=\"column\">\n\t\t\t<div class=\"elementor-widget-wrap elementor-element-populated\">\n\t\t\t\t\t\t\t\t<div class=\"elementor-element elementor-element-73e96a1 elementor-widget elementor-widget-text-editor\" data-id=\"73e96a1\" data-element_type=\"widget\" data-widget_type=\"text-editor.default\">\n\t\t\t\t<div class=\"elementor-widget-container\">\n\t\t\t\t\t\t\t<h1><span style=\"color: #5cb893;\">\u00c9LISABETH LAMY<\/span><\/h1><p>D\u2019un c\u00f4t\u00e9 un savoir-faire et une exp\u00e9rience du terrain qui lui ont permis de d\u00e9velopper des m\u00e9thodes et outils au service de compagnies notamment dans des phases d\u2019\u00e9volution, de structuration. Elle est particuli\u00e8rement attentive au positionnement de chacun.e dans les \u00e9quipes.<br \/>De l\u2019autre une vision \u00e9largie acquise au fil de son parcours dans la Haute Couture puis dans le spectacle vivant. <br \/>Son app\u00e9tence pour les liens qui fondent les organisations collectives lui offre un regard aiguis\u00e9 sur les questions humaines, de gouvernance et de strat\u00e9gie. <br \/>Son activit\u00e9 se concentre sur des missions de conseil. Au sein des S\u00e9millantes, elle d\u00e9veloppe le <a href=\"http:\/\/les-semillantes.com\/?page_id=137\">Bureau des M\u00e9thodes<\/a>.<\/p>\t\t\t\t\t\t<\/div>\n\t\t\t\t<\/div>\n\t\t\t\t\t<\/div>\n\t\t<\/div>\n\t\t\t\t\t\t\t<\/div>\n\t\t<\/section>\n\t\t\t\t<section class=\"has_eae_slider elementor-section elementor-top-section elementor-element elementor-element-d8f1abe elementor-section-stretched elementor-section-boxed elementor-section-height-default elementor-section-height-default parallax_section_no qode_elementor_container_no\" data-eae-slider=\"28482\" data-id=\"d8f1abe\" data-element_type=\"section\" data-settings=\"{&quot;stretch_section&quot;:&quot;section-stretched&quot;,&quot;background_background&quot;:&quot;classic&quot;}\">\n\t\t\t\t\t\t<div class=\"elementor-container elementor-column-gap-default\">\n\t\t\t\t\t<div class=\"has_eae_slider elementor-column elementor-col-100 elementor-top-column elementor-element elementor-element-fe29021\" data-eae-slider=\"80014\" data-id=\"fe29021\" data-element_type=\"column\">\n\t\t\t<div class=\"elementor-widget-wrap elementor-element-populated\">\n\t\t\t\t\t\t\t\t<div class=\"elementor-element elementor-element-db4cc0d elementor-widget elementor-widget-text-editor\" data-id=\"db4cc0d\" data-element_type=\"widget\" data-widget_type=\"text-editor.default\">\n\t\t\t\t<div class=\"elementor-widget-container\">\n\t\t\t\t\t\t\t<h1><span style=\"color: #e30d75;\">EMILIE BOUTET<\/span><\/h1><p>D\u2019un c\u00f4t\u00e9 la passion pour la danse. Danseuse depuis toujours, professeure &amp; chor\u00e9graphe, Emilie est sensible au mouvement et est anim\u00e9e par l\u2019\u00e9nergie chor\u00e9graphique.<\/p><p>De l\u2019autre la passion pour l\u2019ing\u00e9nierie cr\u00e9ative. Qu\u2019est-ce qui est mieux que de vivre un projet artistique\u00a0? en concevoir un, en concevoir plein\u00a0! Elle a envie d\u2019accompagner les artistes dans le d\u00e9veloppement de leurs activit\u00e9s.<\/p><p>Le combo de tout \u00e7a\u00a0: l\u2019accompagnement de projets chor\u00e9graphiques en administration, production et diffusion.<\/p><p>Apr\u00e8s une formation en communication puis direction de projets culturels et un stage de fin d\u2019\u00e9tude au sein des S\u00e9millantes ; Emilie int\u00e8gre le bureau en 2022. Au sein des S\u00e9millantes, elle accompagne les compagnies \u00e0 360\u00b0 et exp\u00e9rimente avec Le <a href=\"http:\/\/les-semillantes.com\/?page_id=1558\">Labo des M\u00e9diations<\/a>.<\/p>\t\t\t\t\t\t<\/div>\n\t\t\t\t<\/div>\n\t\t\t\t\t<\/div>\n\t\t<\/div>\n\t\t\t\t\t\t\t<\/div>\n\t\t<\/section>\n\t\t\t\t<section class=\"has_eae_slider elementor-section elementor-top-section elementor-element elementor-element-ad687d7 elementor-section-boxed elementor-section-height-default elementor-section-height-default parallax_section_no qode_elementor_container_no\" data-eae-slider=\"97728\" data-id=\"ad687d7\" data-element_type=\"section\">\n\t\t\t\t\t\t<div class=\"elementor-container elementor-column-gap-default\">\n\t\t\t\t\t<div class=\"has_eae_slider elementor-column elementor-col-50 elementor-top-column elementor-element elementor-element-09439e5\" data-eae-slider=\"96846\" data-id=\"09439e5\" data-element_type=\"column\">\n\t\t\t<div class=\"elementor-widget-wrap elementor-element-populated\">\n\t\t\t\t\t\t\t\t<div class=\"elementor-element elementor-element-3f6b333 elementor-widget elementor-widget-image\" data-id=\"3f6b333\" data-element_type=\"widget\" data-widget_type=\"image.default\">\n\t\t\t\t<div class=\"elementor-widget-container\">\n\t\t\t\t\t\t\t\t\t\t\t\t\t\t\t\t<a href=\"https:\/\/www.instagram.com\/lessemillantes\/\" target=\"_blank\">\n\t\t\t\t\t\t\t<img loading=\"lazy\" decoding=\"async\" width=\"150\" height=\"150\" src=\"https:\/\/les-semillantes.com\/wp-content\/uploads\/2025\/08\/Insta-150x150.png\" class=\"attachment-thumbnail size-thumbnail wp-image-2259\" alt=\"Instagram Les S\u00e9millantes\" srcset=\"https:\/\/les-semillantes.com\/wp-content\/uploads\/2025\/08\/Insta-150x150.png 150w, https:\/\/les-semillantes.com\/wp-content\/uploads\/2025\/08\/Insta-300x300.png 300w, https:\/\/les-semillantes.com\/wp-content\/uploads\/2025\/08\/Insta-768x768.png 768w, https:\/\/les-semillantes.com\/wp-content\/uploads\/2025\/08\/Insta-570x570.png 570w, https:\/\/les-semillantes.com\/wp-content\/uploads\/2025\/08\/Insta-500x500.png 500w, https:\/\/les-semillantes.com\/wp-content\/uploads\/2025\/08\/Insta-700x700.png 700w, https:\/\/les-semillantes.com\/wp-content\/uploads\/2025\/08\/Insta-650x650.png 650w, https:\/\/les-semillantes.com\/wp-content\/uploads\/2025\/08\/Insta.png 800w\" sizes=\"auto, (max-width: 150px) 100vw, 150px\" \/>\t\t\t\t\t\t\t\t<\/a>\n\t\t\t\t\t\t\t\t\t\t\t\t\t\t\t<\/div>\n\t\t\t\t<\/div>\n\t\t\t\t\t<\/div>\n\t\t<\/div>\n\t\t\t\t<div class=\"has_eae_slider elementor-column elementor-col-50 elementor-top-column elementor-element elementor-element-cc8472a\" data-eae-slider=\"88861\" data-id=\"cc8472a\" data-element_type=\"column\">\n\t\t\t<div class=\"elementor-widget-wrap elementor-element-populated\">\n\t\t\t\t\t\t\t\t<div class=\"elementor-element elementor-element-b16cdbe elementor-widget elementor-widget-image\" data-id=\"b16cdbe\" data-element_type=\"widget\" data-widget_type=\"image.default\">\n\t\t\t\t<div class=\"elementor-widget-container\">\n\t\t\t\t\t\t\t\t\t\t\t\t\t\t\t\t<a href=\"https:\/\/www.facebook.com\/lessemillantes\" target=\"_blank\">\n\t\t\t\t\t\t\t<img loading=\"lazy\" decoding=\"async\" width=\"150\" height=\"150\" src=\"https:\/\/les-semillantes.com\/wp-content\/uploads\/2025\/08\/Fb-150x150.png\" class=\"attachment-thumbnail size-thumbnail wp-image-2261\" alt=\"Facebook Les S\u00e9millantes\" srcset=\"https:\/\/les-semillantes.com\/wp-content\/uploads\/2025\/08\/Fb-150x150.png 150w, https:\/\/les-semillantes.com\/wp-content\/uploads\/2025\/08\/Fb-300x300.png 300w, https:\/\/les-semillantes.com\/wp-content\/uploads\/2025\/08\/Fb-768x768.png 768w, https:\/\/les-semillantes.com\/wp-content\/uploads\/2025\/08\/Fb-570x570.png 570w, https:\/\/les-semillantes.com\/wp-content\/uploads\/2025\/08\/Fb-500x500.png 500w, https:\/\/les-semillantes.com\/wp-content\/uploads\/2025\/08\/Fb-700x700.png 700w, https:\/\/les-semillantes.com\/wp-content\/uploads\/2025\/08\/Fb-650x650.png 650w, https:\/\/les-semillantes.com\/wp-content\/uploads\/2025\/08\/Fb.png 800w\" sizes=\"auto, (max-width: 150px) 100vw, 150px\" \/>\t\t\t\t\t\t\t\t<\/a>\n\t\t\t\t\t\t\t\t\t\t\t\t\t\t\t<\/div>\n\t\t\t\t<\/div>\n\t\t\t\t\t<\/div>\n\t\t<\/div>\n\t\t\t\t\t\t\t<\/div>\n\t\t<\/section>\n\t\t\t\t\t\t\t<\/div>\n\t\t","protected":false},"excerpt":{"rendered":"<p>LE BUREAU Les S\u00e9millantes est un bureau d\u2019accompagnement artistique fond\u00e9 par Audrey Jardin &amp; Elisabeth Lamy en 2020 et install\u00e9 \u00e0 Nantes. En 2022, Emilie Boutet rejoint le bureau comme charg\u00e9e de production. Nous accompagnons les artistes en administration, production et diffusion (Parcours d\u2019artistes). Notre&#8230;<\/p>\n","protected":false},"author":1,"featured_media":0,"parent":0,"menu_order":0,"comment_status":"closed","ping_status":"closed","template":"","meta":{"footnotes":""},"class_list":["post-80","page","type-page","status-publish","hentry"],"acf":[],"_links":{"self":[{"href":"https:\/\/les-semillantes.com\/index.php?rest_route=\/wp\/v2\/pages\/80","targetHints":{"allow":["GET"]}}],"collection":[{"href":"https:\/\/les-semillantes.com\/index.php?rest_route=\/wp\/v2\/pages"}],"about":[{"href":"https:\/\/les-semillantes.com\/index.php?rest_route=\/wp\/v2\/types\/page"}],"author":[{"embeddable":true,"href":"https:\/\/les-semillantes.com\/index.php?rest_route=\/wp\/v2\/users\/1"}],"replies":[{"embeddable":true,"href":"https:\/\/les-semillantes.com\/index.php?rest_route=%2Fwp%2Fv2%2Fcomments&post=80"}],"version-history":[{"count":120,"href":"https:\/\/les-semillantes.com\/index.php?rest_route=\/wp\/v2\/pages\/80\/revisions"}],"predecessor-version":[{"id":2326,"href":"https:\/\/les-semillantes.com\/index.php?rest_route=\/wp\/v2\/pages\/80\/revisions\/2326"}],"wp:attachment":[{"href":"https:\/\/les-semillantes.com\/index.php?rest_route=%2Fwp%2Fv2%2Fmedia&parent=80"}],"curies":[{"name":"wp","href":"https:\/\/api.w.org\/{rel}","templated":true}]}}